{"id":5874,"date":"2022-02-01T21:03:13","date_gmt":"2022-02-01T21:03:13","guid":{"rendered":"https:\/\/www.laboserv.cz\/zakaznicky-portal\/?page_id=5874"},"modified":"2022-02-01T21:39:42","modified_gmt":"2022-02-01T21:39:42","slug":"zasady-pouzivani-cookies","status":"publish","type":"page","link":"https:\/\/www.laboserv.cz\/zakaznicky-portal\/zasady-pouzivani-cookies\/","title":{"rendered":"Z\u00e1sady pou\u017e\u00edv\u00e1n\u00ed cookies"},"content":{"rendered":"<h3>Z\u00e1sady pou\u017e\u00edv\u00e1n\u00ed cookies soubor\u016f<\/h3>\n<p>Tyto z\u00e1sady objas\u0148uj\u00ed, co jsou to cookies, jak je vyu\u017e\u00edv\u00e1me a jak\u00e9 typy cookies soubor\u016f jsou na webov\u00fdch str\u00e1nk\u00e1ch p\u0159\u00edtomn\u00e9. To znamen\u00e1, kter\u00e9 informace se do cookies ukl\u00e1daj\u00ed, jak\u00fdm zp\u016fsobem jsou pou\u017e\u00edv\u00e1ny a jak zm\u011bnit jejich nastaven\u00ed. Pro detailn\u011bj\u0161\u00ed informace o tom, jak nakl\u00e1d\u00e1me s osobn\u00edmi \u00fadaji na\u0161ich z\u00e1kazn\u00edk\u016f, nav\u0161tivte str\u00e1nku o GDPR. P\u0159ijet\u00ed cookies m\u016f\u017eete na na\u0161ich str\u00e1nk\u00e1ch kdykoli zm\u011bnit nebo odvolat Va\u0161e p\u0159ijet\u00ed cookies se vztahuje na dom\u00e9nu: www.laboserv.cz<\/p>\n<h3>Co jsou cookies soubory?<\/h3>\n<p>Cookies jsou mal\u00e9 textov\u00e9 soubory, ve kter\u00fdch b\u00fdv\u00e1 ulo\u017eena n\u011bjak\u00e1 mal\u00e1 informace. Jsou ulo\u017eeny ve Va\u0161em za\u0159\u00edzen\u00ed v okam\u017eiku, kdy je ve Va\u0161em prohl\u00ed\u017ee\u010di na\u010dtena dan\u00e1 internetov\u00e1 str\u00e1nka. D\u00edky cookies soubor\u016fm m\u016f\u017ee n\u00e1\u0161 web \u0159\u00e1dn\u011b fungovat, je bezpe\u010dn\u011bj\u0161\u00ed, zobrazuje relevantn\u00ed reklamu, zprost\u0159edkov\u00e1v\u00e1 n\u00e1v\u0161t\u011bvn\u00edk\u016fm informace co nejlep\u0161\u00edm zp\u016fsobem a pom\u00e1h\u00e1 n\u00e1m l\u00e9pe rozum\u011bt tomu, jak rychle se str\u00e1nky zobrazuj\u00ed, co na nich funguje a kde pot\u0159ebuj\u00ed n\u011bjak\u00e9 to vylep\u0161en\u00ed.<\/p>\n<h3>Jak vyu\u017e\u00edv\u00e1me cookies soubory?<\/h3>\n<p>Stejn\u011b jako v\u011bt\u0161ina internetov\u00fdch slu\u017eeb, na\u0161e webov\u00e9 str\u00e1nky vyu\u017e\u00edvaj\u00ed sv\u00e9 vlastn\u00ed cookies stejn\u011b jako cookies tzv. \u201et\u0159et\u00edch stran\u201c k n\u011bkolika r\u016fzn\u00fdm \u00fa\u010del\u016fm. Vlastn\u00ed cookies jsou v\u011bt\u0161inou nezbytn\u00e9 pro spr\u00e1vn\u00e9 fungov\u00e1n\u00ed str\u00e1nek a neukl\u00e1daj\u00ed se do nich \u017e\u00e1dn\u00e9 osobn\u00ed identifikovateln\u00e9 informace. Cookies \u201et\u0159et\u00edch stran\u201c jsou pou\u017e\u00edvan\u00e9 na na\u0161ich str\u00e1nk\u00e1ch za \u00fa\u010delem zji\u0161\u0165ov\u00e1n\u00ed rychlosti na\u010d\u00edt\u00e1n\u00ed, jak n\u00e1v\u0161t\u011bvn\u00edci se str\u00e1nkou pracuj\u00ed, k zaji\u0161t\u011bn\u00ed bezpe\u010dnosti a p\u0159edev\u0161\u00edm ke zlep\u0161en\u00ed u\u017eivatelsk\u00e9ho komfortu a vylep\u0161ov\u00e1n\u00ed do budoucna.<\/p>\n<h3>Jak\u00e9 typy cookies soubor\u016f pou\u017e\u00edv\u00e1me?<\/h3>\n<p><strong><em>Nezbytn\u00e1:<\/em><\/strong> Nezbytn\u00e1 cookies jsou naprosto z\u00e1sadn\u00ed pro spr\u00e1vn\u00e9 fungovan\u00e9 webov\u00fdch str\u00e1nek. Tato cookies anonymn\u011b zaji\u0161\u0165uj\u00ed z\u00e1kladn\u00ed funkce a bezpe\u010dnostn\u00ed prvky.<\/p>\n<p><strong><em>Funk\u010dn\u00ed:<\/em><\/strong> Funk\u010dn\u00ed cookies jsou d\u016fle\u017eitou sou\u010d\u00e1st\u00ed ur\u010dit\u00fdch funkc\u00ed jako je sd\u00edlen\u00ed obsahu na soci\u00e1ln\u00edch s\u00edt\u00ed, zachycov\u00e1n\u00ed zp\u011btn\u00e9 vazby a dal\u0161\u00edch dopl\u0148uj\u00edc\u00edch vylep\u0161en\u00ed.<\/p>\n<p><strong><em>V\u00fdkonnostn\u00ed:<\/em><\/strong> D\u00edky tomuto druhu cookies dok\u00e1\u017eeme analyzovat a pochopit hlavn\u00ed indik\u00e1tory ovliv\u0148uj\u00edc\u00ed v\u00fdkon str\u00e1nek, co\u017e n\u00e1m umo\u017e\u0148uje zlep\u0161ovat chod webu a jeho u\u017eivatelskou p\u0159\u00edv\u011btivost.<\/p>\n<p><strong><em>Analytick\u00e1:<\/em><\/strong> D\u00edky analytick\u00fdm cookies dok\u00e1\u017eeme porozum\u011bt tomu, jak z\u00e1kazn\u00edci pou\u017e\u00edvaj\u00ed na\u0161e str\u00e1nky a jak \u010dasto je nav\u0161t\u011bvuj\u00ed. Informace o po\u010dtu n\u00e1v\u0161t\u011bv a jejich interakci jsou sb\u00edr\u00e1ny anonymizovan\u011b.<\/p>\n<p><strong><em>Reklamn\u00ed:<\/em><\/strong> D\u00edky reklamn\u00edm cookies se n\u00e1v\u0161t\u011bvn\u00edk\u016fm zobrazuj\u00ed relevantn\u00ed reklamy. Cookies sleduj\u00ed aktivitu u\u017eivatel\u016f na internetu, sb\u00edraj\u00ed informace a dok\u00e1\u017e\u00ed reklamy p\u0159izp\u016fsobovat podle vkusu a z\u00e1jm\u016f u\u017eivatele.<\/p>\n<p><strong><em>Ostatn\u00ed:<\/em><\/strong> Neza\u0159azen\u00e1 cookies, kter\u00e9 se nehod\u00ed do \u017e\u00e1dn\u00e9 z jin\u00fdch kategori\u00ed nebo jim \u017e\u00e1dn\u00e1 zat\u00edm nebyla p\u0159i\u0159azena.<\/p>\n<p>Seznam cookies soubor\u016f pou\u017e\u00edvan\u00fdch na na\u0161ich str\u00e1nk\u00e1ch<\/p><table class=\"cookielawinfo-row-cat-table cookielawinfo-classic\"><thead><tr><th class=\"cookielawinfo-column-1\">Cookie<\/th><th class=\"cookielawinfo-column-4\">Popis<\/th><\/tr><\/thead><tbody><tr class=\"cookielawinfo-row\"><td class=\"cookielawinfo-column-1\">cookielawinfo-checkbox-analytics<\/td><td class=\"cookielawinfo-column-4\">Cookie vyu\u017e\u00edvan\u00e9 pluginem GDPR Cookie Consent. Ukl\u00e1d\u00e1 informaci o tom, zda u\u017eivatel p\u0159ijal \u010di odm\u00edtl pou\u017e\u00edv\u00e1n\u00ed cookies v kategorii \u201eAnalytick\u00e1\u201c.<\/td><\/tr><tr class=\"cookielawinfo-row\"><td class=\"cookielawinfo-column-1\">cookielawinfo-checkbox-functional<\/td><td class=\"cookielawinfo-column-4\">Cookie vyu\u017e\u00edvan\u00e9 pluginem GDPR Cookie Consent. Ukl\u00e1d\u00e1 informaci o tom, zda u\u017eivatel p\u0159ijal \u010di odm\u00edtl pou\u017e\u00edv\u00e1n\u00ed cookies v kategorii \u201eFunk\u010dn\u00ed\u201c.<\/td><\/tr><tr class=\"cookielawinfo-row\"><td class=\"cookielawinfo-column-1\">cookielawinfo-checkbox-necessary<\/td><td class=\"cookielawinfo-column-4\">Cookie vyu\u017e\u00edvan\u00e9 pluginem GDPR Cookie Consent. Ukl\u00e1d\u00e1 informaci o tom, zda u\u017eivatel p\u0159ijal \u010di odm\u00edtl pou\u017e\u00edv\u00e1n\u00ed cookies v kategorii \u201eNezbytn\u00e1\u201c.<\/td><\/tr><tr class=\"cookielawinfo-row\"><td class=\"cookielawinfo-column-1\">cookielawinfo-checkbox-others<\/td><td class=\"cookielawinfo-column-4\">Cookie vyu\u017e\u00edvan\u00e9 pluginem GDPR Cookie Consent. Ukl\u00e1d\u00e1 informaci o tom, zda u\u017eivatel p\u0159ijal \u010di odm\u00edtl pou\u017e\u00edv\u00e1n\u00ed cookies v kategorii \u201eOstatn\u00ed\u201c.<\/td><\/tr><tr class=\"cookielawinfo-row\"><td class=\"cookielawinfo-column-1\">cookielawinfo-checkbox-performance<\/td><td class=\"cookielawinfo-column-4\">Cookie vyu\u017e\u00edvan\u00e9 pluginem GDPR Cookie Consent. Ukl\u00e1d\u00e1 informaci o tom, zda u\u017eivatel p\u0159ijal \u010di odm\u00edtl pou\u017e\u00edv\u00e1n\u00ed cookies v kategorii \u201eV\u00fdkonnostn\u00ed\u201c.<\/td><\/tr><tr class=\"cookielawinfo-row\"><td class=\"cookielawinfo-column-1\">CookieLawInfoConsent<\/td><td class=\"cookielawinfo-column-4\">Zaznamen\u00e1v\u00e1 v\u00fdchoz\u00ed stav tla\u010d\u00edtka odpov\u00eddaj\u00edc\u00ed kategorii a stav CCPA. Funguje pouze ve spojen\u00ed s prim\u00e1rn\u00ed cookie.<\/td><\/tr><tr class=\"cookielawinfo-row\"><td class=\"cookielawinfo-column-1\">viewed_cookie_policy<\/td><td class=\"cookielawinfo-column-4\">Cookie vyu\u017e\u00edvan\u00e9 pluginem GDPR Cookie Consent. Ukl\u00e1d\u00e1 informaci o tom, zda u\u017eivatel p\u0159ijal \u010di odm\u00edtl pou\u017e\u00edv\u00e1n\u00ed cookies. V t\u00e9to cookie nejsou ulo\u017eena \u017e\u00e1dn\u00e1 osobn\u00ed data.<\/td><\/tr><tr class=\"cookielawinfo-row\"><td class=\"cookielawinfo-column-1\">__utma<\/td><td class=\"cookielawinfo-column-4\">Cookie slu\u017eby Google Analytics vyu\u017e\u00edv\u00e1na k rozli\u0161en\u00ed u\u017eivatel\u016f a n\u00e1v\u0161t\u011bv. Cookie se vytvo\u0159\u00ed v okam\u017eiku, kdy se pou\u017e\u00edv\u00e1 knihovna JavaScriptu a neexistuj\u00ed \u017e\u00e1dn\u00e9 __utma cookie. Cookie je aktualizovan\u00e1 v\u017edy, kdy jsou odes\u00edl\u00e1na data do Google Analytics.<\/td><\/tr><tr class=\"cookielawinfo-row\"><td class=\"cookielawinfo-column-1\">__utmb<\/td><td class=\"cookielawinfo-column-4\">Cookie slu\u017eby Google Analytics k rozpozn\u00e1n\u00ed nov\u00fdch n\u00e1v\u0161t\u011bv. Cookie __utmb se vytvo\u0159\u00ed v okam\u017eiku, kdy se pou\u017e\u00edv\u00e1 knihovna JavaScriptu a neexistuje cookie __utma. Cookie je aktualizovan\u00e1 v\u017edy, kdy jsou odes\u00edl\u00e1na data do Google Analytics.<\/td><\/tr><tr class=\"cookielawinfo-row\"><td class=\"cookielawinfo-column-1\">__utmc<\/td><td class=\"cookielawinfo-column-4\">Cookie slu\u017eby Google Analytics je vymaz\u00e1na v okam\u017eiku, kdy u\u017eivatel zav\u0159e internetov\u00fd prohl\u00ed\u017ee\u010d. Je vyu\u017e\u00edv\u00e1na k umo\u017en\u011bn\u00ed interoperability s urchin.js, co\u017e je star\u0161\u00ed verze Google Analytics, a je pou\u017e\u00edv\u00e1na ve spojen\u00ed s __utmb cookie k rozpozn\u00e1n\u00ed nov\u00e9 n\u00e1v\u0161t\u011bvy.<\/td><\/tr><tr class=\"cookielawinfo-row\"><td class=\"cookielawinfo-column-1\">__utmt<\/td><td class=\"cookielawinfo-column-4\">Cookie vytvo\u0159en\u00e1 slu\u017ebou Google Analytics k omezen\u00ed rychlosti po\u017eadavk\u016f.<\/td><\/tr><tr class=\"cookielawinfo-row\"><td class=\"cookielawinfo-column-1\">__utmz<\/td><td class=\"cookielawinfo-column-4\">Cookie od slu\u017eby Google Analytics k ulo\u017een\u00ed informac\u00ed, z jak\u00e9 str\u00e1nky nebo reklamn\u00ed kampan\u011b n\u00e1v\u0161t\u011bvn\u00edk p\u0159i\u0161el.<\/td><\/tr><\/tbody><\/table>\n<h3>Jak mohu zm\u011bnit nastaven\u00ed cookies?<\/h3>\n<p>Pokud se rozhodnete zm\u011bnit Va\u0161e nastaven\u00ed cookies v pr\u016fb\u011bhu n\u00e1v\u0161t\u011bvy na\u0161ich str\u00e1nek, m\u016f\u017eete tak u\u010dinit kliknut\u00edm na tla\u010d\u00edtko <strong>Upravit cookies<\/strong>. Pot\u00e9 se zobraz\u00ed nastaven\u00ed souhlasu se soubory cookies, kde m\u016f\u017eete zm\u011bnit Va\u0161e nastaven\u00ed.<\/p>\n<p>Za zm\u00ednku t\u00e9\u017e stoj\u00ed, \u017ee ka\u017ed\u00fd internetov\u00fd prohl\u00ed\u017ee\u010d m\u016f\u017ee m\u00edt sv\u016fj vlastn\u00ed zp\u016fsob jak blokuje a ma\u017ee cookies internetov\u00fdch str\u00e1nek. M\u016f\u017eete zm\u011bnit nastaven\u00ed sv\u00e9ho prohl\u00ed\u017ee\u010de a blokovat tak \u010di smazat cookies soubory. V\u00edce informac\u00ed o cookies a jak je smazat se dozv\u00edte na wikipedia.org nebo na www.allaboutcookies.org.<\/p>\n","protected":false},"excerpt":{"rendered":"<p>Z\u00e1sady pou\u017e\u00edv\u00e1n\u00ed cookies soubor\u016f \u2022 Co jsou cookies soubory? \u2022 Jak vyu\u017e\u00edv\u00e1me cookies soubory? \u2022 Jak\u00e9 typy cookies soubor\u016f pou\u017e\u00edv\u00e1me? \u2022 Jak mohu zm\u011bnit nastaven\u00ed cookies?<\/p>\n","protected":false},"author":26,"featured_media":0,"parent":0,"menu_order":0,"comment_status":"closed","ping_status":"closed","template":"","meta":[],"acf":[],"_links":{"self":[{"href":"https:\/\/www.laboserv.cz\/zakaznicky-portal\/wp-json\/wp\/v2\/pages\/5874"}],"collection":[{"href":"https:\/\/www.laboserv.cz\/zakaznicky-portal\/wp-json\/wp\/v2\/pages"}],"about":[{"href":"https:\/\/www.laboserv.cz\/zakaznicky-portal\/wp-json\/wp\/v2\/types\/page"}],"author":[{"embeddable":true,"href":"https:\/\/www.laboserv.cz\/zakaznicky-portal\/wp-json\/wp\/v2\/users\/26"}],"replies":[{"embeddable":true,"href":"https:\/\/www.laboserv.cz\/zakaznicky-portal\/wp-json\/wp\/v2\/comments?post=5874"}],"version-history":[{"count":3,"href":"https:\/\/www.laboserv.cz\/zakaznicky-portal\/wp-json\/wp\/v2\/pages\/5874\/revisions"}],"predecessor-version":[{"id":5877,"href":"https:\/\/www.laboserv.cz\/zakaznicky-portal\/wp-json\/wp\/v2\/pages\/5874\/revisions\/5877"}],"wp:attachment":[{"href":"https:\/\/www.laboserv.cz\/zakaznicky-portal\/wp-json\/wp\/v2\/media?parent=5874"}],"curies":[{"name":"wp","href":"https:\/\/api.w.org\/{rel}","templated":true}]}}